{"id":7809,"date":"2022-03-16T11:39:54","date_gmt":"2022-03-16T10:39:54","guid":{"rendered":"https:\/\/shop.theifab.com\/?post_type=product&#038;p=7809"},"modified":"2023-03-08T09:49:35","modified_gmt":"2023-03-08T08:49:35","slug":"reglas-de-juego-2022-23-aleman","status":"publish","type":"product","link":"https:\/\/shop-clone.theifab.com\/es\/producto\/reglas-de-juego-2022-23-aleman\/","title":{"rendered":"REGLAS DE JUEGO 2022\/23 &#8211;<br>Alem\u00e1n"},"content":{"rendered":"<p>Puede adquirir copias de las Reglas de Juego en cuatro idiomas (alem\u00e1n, espa\u00f1ol, franc\u00e9s e ingl\u00e9s) y pagar directamente desde la tienda virtual o por transferencia bancaria. Si tiene cualquier problema al procesar el pedido, contacte con nosotros en order@theifab.com.<\/p>\n","protected":false},"excerpt":{"rendered":"<p>Puede adquirir copias de las Reglas de Juego en cuatro idiomas (alem\u00e1n, espa\u00f1ol, franc\u00e9s e&#8230;<\/p>\n","protected":false},"featured_media":7873,"template":"","meta":[],"product_brand":[],"product_cat":[117],"product_tag":[],"class_list":{"0":"post-7809","1":"product","2":"type-product","3":"status-publish","4":"has-post-thumbnail","6":"product_cat-reglas-de-juego-2022-23","8":"first","9":"outofstock","10":"taxable","11":"shipping-taxable","12":"purchasable","13":"product-type-simple"},"yoast_head":"<!-- This site is optimized with the Yoast SEO plugin v26.9 - https:\/\/yoast.com\/product\/yoast-seo-wordpress\/ -->\n<title>REGLAS DE JUEGO 2022\/23 -Alem\u00e1n - CLONE - The IFAB Webshop<\/title>\n<meta name=\"robots\" content=\"index, follow, max-snippet:-1, max-image-preview:large, max-video-preview:-1\" \/>\n<link rel=\"canonical\" href=\"https:\/\/shop-clone.theifab.com\/product\/laws-of-the-game-2022-23-german-copy\/\" \/>\n<meta property=\"og:locale\" content=\"es_ES\" \/>\n<meta property=\"og:type\" content=\"article\" \/>\n<meta property=\"og:title\" content=\"REGLAS DE JUEGO 2022\/23 -Alem\u00e1n - CLONE - The IFAB Webshop\" \/>\n<meta property=\"og:description\" content=\"Puede adquirir copias de las Reglas de Juego en cuatro idiomas (alem\u00e1n, espa\u00f1ol, franc\u00e9s e...\" \/>\n<meta property=\"og:url\" content=\"https:\/\/shop-clone.theifab.com\/product\/laws-of-the-game-2022-23-german-copy\/\" \/>\n<meta property=\"og:site_name\" content=\"CLONE - The IFAB Webshop\" \/>\n<meta property=\"article:modified_time\" content=\"2023-03-08T08:49:35+00:00\" \/>\n<meta property=\"og:image\" content=\"https:\/\/shop-clone.theifab.com\/wp-content\/uploads\/2022\/03\/Thumbnail-Cover-DE-1.png\" \/>\n\t<meta property=\"og:image:width\" content=\"972\" \/>\n\t<meta property=\"og:image:height\" content=\"1208\" \/>\n\t<meta property=\"og:image:type\" content=\"image\/png\" \/>\n<meta name=\"twitter:card\" content=\"summary_large_image\" \/>\n<script type=\"application\/ld+json\" class=\"yoast-schema-graph\">{\"@context\":\"https:\/\/schema.org\",\"@graph\":[{\"@type\":\"WebPage\",\"@id\":\"https:\/\/shop-clone.theifab.com\/product\/laws-of-the-game-2022-23-german-copy\/\",\"url\":\"https:\/\/shop-clone.theifab.com\/product\/laws-of-the-game-2022-23-german-copy\/\",\"name\":\"REGLAS DE JUEGO 2022\/23 - Alem\u00e1n - CLONE - The IFAB Webshop\",\"isPartOf\":{\"@id\":\"https:\/\/shop-clone.theifab.com\/#website\"},\"primaryImageOfPage\":{\"@id\":\"https:\/\/shop-clone.theifab.com\/product\/laws-of-the-game-2022-23-german-copy\/#primaryimage\"},\"image\":{\"@id\":\"https:\/\/shop-clone.theifab.com\/product\/laws-of-the-game-2022-23-german-copy\/#primaryimage\"},\"thumbnailUrl\":\"https:\/\/shop-clone.theifab.com\/wp-content\/uploads\/2022\/03\/Thumbnail-Cover-DE-1.png\",\"datePublished\":\"2022-03-16T10:39:54+00:00\",\"dateModified\":\"2023-03-08T08:49:35+00:00\",\"breadcrumb\":{\"@id\":\"https:\/\/shop-clone.theifab.com\/product\/laws-of-the-game-2022-23-german-copy\/#breadcrumb\"},\"inLanguage\":\"es\",\"potentialAction\":[{\"@type\":\"ReadAction\",\"target\":[\"https:\/\/shop-clone.theifab.com\/product\/laws-of-the-game-2022-23-german-copy\/\"]}]},{\"@type\":\"ImageObject\",\"inLanguage\":\"es\",\"@id\":\"https:\/\/shop-clone.theifab.com\/product\/laws-of-the-game-2022-23-german-copy\/#primaryimage\",\"url\":\"https:\/\/shop-clone.theifab.com\/wp-content\/uploads\/2022\/03\/Thumbnail-Cover-DE-1.png\",\"contentUrl\":\"https:\/\/shop-clone.theifab.com\/wp-content\/uploads\/2022\/03\/Thumbnail-Cover-DE-1.png\",\"width\":972,\"height\":1208},{\"@type\":\"BreadcrumbList\",\"@id\":\"https:\/\/shop-clone.theifab.com\/product\/laws-of-the-game-2022-23-german-copy\/#breadcrumb\",\"itemListElement\":[{\"@type\":\"ListItem\",\"position\":1,\"name\":\"Home\",\"item\":\"https:\/\/shop-clone.theifab.com\/es\/\"},{\"@type\":\"ListItem\",\"position\":2,\"name\":\"Shop\",\"item\":\"https:\/\/shop-clone.theifab.com\/shop\/\"},{\"@type\":\"ListItem\",\"position\":3,\"name\":\"REGLAS DE JUEGO 2022\/23 &#8211;Alem\u00e1n\"}]},{\"@type\":\"WebSite\",\"@id\":\"https:\/\/shop-clone.theifab.com\/#website\",\"url\":\"https:\/\/shop-clone.theifab.com\/\",\"name\":\"CLONE - The IFAB Webshop\",\"description\":\"\",\"potentialAction\":[{\"@type\":\"SearchAction\",\"target\":{\"@type\":\"EntryPoint\",\"urlTemplate\":\"https:\/\/shop-clone.theifab.com\/?s={search_term_string}\"},\"query-input\":{\"@type\":\"PropertyValueSpecification\",\"valueRequired\":true,\"valueName\":\"search_term_string\"}}],\"inLanguage\":\"es\"}]}<\/script>\n<!-- \/ Yoast SEO plugin. -->","yoast_head_json":{"title":"REGLAS DE JUEGO 2022\/23 -Alem\u00e1n - CLONE - The IFAB Webshop","robots":{"index":"index","follow":"follow","max-snippet":"max-snippet:-1","max-image-preview":"max-image-preview:large","max-video-preview":"max-video-preview:-1"},"canonical":"https:\/\/shop-clone.theifab.com\/product\/laws-of-the-game-2022-23-german-copy\/","og_locale":"es_ES","og_type":"article","og_title":"REGLAS DE JUEGO 2022\/23 -Alem\u00e1n - CLONE - The IFAB Webshop","og_description":"Puede adquirir copias de las Reglas de Juego en cuatro idiomas (alem\u00e1n, espa\u00f1ol, franc\u00e9s e...","og_url":"https:\/\/shop-clone.theifab.com\/product\/laws-of-the-game-2022-23-german-copy\/","og_site_name":"CLONE - The IFAB Webshop","article_modified_time":"2023-03-08T08:49:35+00:00","og_image":[{"width":972,"height":1208,"url":"https:\/\/shop-clone.theifab.com\/wp-content\/uploads\/2022\/03\/Thumbnail-Cover-DE-1.png","type":"image\/png"}],"twitter_card":"summary_large_image","schema":{"@context":"https:\/\/schema.org","@graph":[{"@type":"WebPage","@id":"https:\/\/shop-clone.theifab.com\/product\/laws-of-the-game-2022-23-german-copy\/","url":"https:\/\/shop-clone.theifab.com\/product\/laws-of-the-game-2022-23-german-copy\/","name":"REGLAS DE JUEGO 2022\/23 - Alem\u00e1n - CLONE - The IFAB Webshop","isPartOf":{"@id":"https:\/\/shop-clone.theifab.com\/#website"},"primaryImageOfPage":{"@id":"https:\/\/shop-clone.theifab.com\/product\/laws-of-the-game-2022-23-german-copy\/#primaryimage"},"image":{"@id":"https:\/\/shop-clone.theifab.com\/product\/laws-of-the-game-2022-23-german-copy\/#primaryimage"},"thumbnailUrl":"https:\/\/shop-clone.theifab.com\/wp-content\/uploads\/2022\/03\/Thumbnail-Cover-DE-1.png","datePublished":"2022-03-16T10:39:54+00:00","dateModified":"2023-03-08T08:49:35+00:00","breadcrumb":{"@id":"https:\/\/shop-clone.theifab.com\/product\/laws-of-the-game-2022-23-german-copy\/#breadcrumb"},"inLanguage":"es","potentialAction":[{"@type":"ReadAction","target":["https:\/\/shop-clone.theifab.com\/product\/laws-of-the-game-2022-23-german-copy\/"]}]},{"@type":"ImageObject","inLanguage":"es","@id":"https:\/\/shop-clone.theifab.com\/product\/laws-of-the-game-2022-23-german-copy\/#primaryimage","url":"https:\/\/shop-clone.theifab.com\/wp-content\/uploads\/2022\/03\/Thumbnail-Cover-DE-1.png","contentUrl":"https:\/\/shop-clone.theifab.com\/wp-content\/uploads\/2022\/03\/Thumbnail-Cover-DE-1.png","width":972,"height":1208},{"@type":"BreadcrumbList","@id":"https:\/\/shop-clone.theifab.com\/product\/laws-of-the-game-2022-23-german-copy\/#breadcrumb","itemListElement":[{"@type":"ListItem","position":1,"name":"Home","item":"https:\/\/shop-clone.theifab.com\/es\/"},{"@type":"ListItem","position":2,"name":"Shop","item":"https:\/\/shop-clone.theifab.com\/shop\/"},{"@type":"ListItem","position":3,"name":"REGLAS DE JUEGO 2022\/23 &#8211;Alem\u00e1n"}]},{"@type":"WebSite","@id":"https:\/\/shop-clone.theifab.com\/#website","url":"https:\/\/shop-clone.theifab.com\/","name":"CLONE - The IFAB Webshop","description":"","potentialAction":[{"@type":"SearchAction","target":{"@type":"EntryPoint","urlTemplate":"https:\/\/shop-clone.theifab.com\/?s={search_term_string}"},"query-input":{"@type":"PropertyValueSpecification","valueRequired":true,"valueName":"search_term_string"}}],"inLanguage":"es"}]}},"_links":{"self":[{"href":"https:\/\/shop-clone.theifab.com\/es\/wp-json\/wp\/v2\/product\/7809","targetHints":{"allow":["GET"]}}],"collection":[{"href":"https:\/\/shop-clone.theifab.com\/es\/wp-json\/wp\/v2\/product"}],"about":[{"href":"https:\/\/shop-clone.theifab.com\/es\/wp-json\/wp\/v2\/types\/product"}],"wp:featuredmedia":[{"embeddable":true,"href":"https:\/\/shop-clone.theifab.com\/es\/wp-json\/wp\/v2\/media\/7873"}],"wp:attachment":[{"href":"https:\/\/shop-clone.theifab.com\/es\/wp-json\/wp\/v2\/media?parent=7809"}],"wp:term":[{"taxonomy":"product_brand","embeddable":true,"href":"https:\/\/shop-clone.theifab.com\/es\/wp-json\/wp\/v2\/product_brand?post=7809"},{"taxonomy":"product_cat","embeddable":true,"href":"https:\/\/shop-clone.theifab.com\/es\/wp-json\/wp\/v2\/product_cat?post=7809"},{"taxonomy":"product_tag","embeddable":true,"href":"https:\/\/shop-clone.theifab.com\/es\/wp-json\/wp\/v2\/product_tag?post=7809"}],"curies":[{"name":"wp","href":"https:\/\/api.w.org\/{rel}","templated":true}]}}